{"id":1051,"date":"2018-05-31T20:22:58","date_gmt":"2018-05-31T18:22:58","guid":{"rendered":"http:\/\/knbgis.pwr.edu.pl\/?page_id=1051"},"modified":"2022-02-20T23:06:49","modified_gmt":"2022-02-20T22:06:49","slug":"osiagniecia","status":"publish","type":"page","link":"https:\/\/knbgis.pwr.edu.pl\/?page_id=1051","title":{"rendered":"Osi\u0105gni\u0119cia"},"content":{"rendered":"<h2>Akademickie Mistrzostwa Polski GIS Challenge<\/h2>\n<p><strong><span class=\"_5mfr\"><span class=\"_6qdm\">&#x1f947;<\/span><\/span>\u00a01. miejsce<\/strong> &#8211; Agata Gattner, Dominika Nowak, Katarzyna Aleksandrowicz (2019)<\/p>\n<p><strong>&#x1f948;\u00a02. miejsce<\/strong> &#8211; Gabriela Kuczy\u0144ska, Agata Kapusta, Justyna Lewandowska (2019)<\/p>\n<p><strong>4. miejsce<\/strong> &#8211; Pawe\u0142 Tryba\u0142a, Monika Chojwa, Nikola Derdacka (2019)<\/p>\n<p><strong>5. miejsce<\/strong> &#8211; Agata Gruszczy\u0144ska, Agata Gattner, Aleksandra Jankowska (2018)<\/p>\n<p><strong>8. miejsce<\/strong> &#8211; Izabela Atrachimowicz, Hanna Koz\u0142owska, Natalia Siennicka (2018)<\/p>\n<p><strong><span class=\"_5mfr\"><span class=\"_6qdm\">&#x1f947;<\/span><\/span>\u00a01. miejsce<\/strong> &#8211; Jakub \u0141uczak, Monika Stepnowska, Ma\u0142gorzata Dancewicz (2017)<\/p>\n<h2>Mi\u0119dzynarodowe Spotkanie Student\u00f3w Geodezji &#8211; IGSM<\/h2>\n<p><strong>2. miejsce<\/strong> &#8211; Nikola Derdacka (Warszawa, 2019)<\/p>\n<h2>Og\u00f3lnopolska Konferencja Student\u00f3w Geodezji<\/h2>\n<p><strong>wyr\u00f3\u017cnienie<\/strong> &#8211; Katarzyna Mas\u0142owska (2015, Rzesz\u00f3w)<\/p>\n<h2>Mi\u0119dzynarodowe Seminarium K\u00f3\u0142 Naukowych (Olsztyn)<\/h2>\n<p><strong>1. miejsce<\/strong> &#8211; Olga Zedel (2017)<\/p>\n<p><strong>2. miejsce<\/strong> &#8211; Jakub \u0141uczak (2017)<\/p>\n<h2>Og\u00f3lnopolska Sesja Studenckich K\u00f3\u0142 Naukowych (Szczecin)<\/h2>\n<p><strong>2. miejsce<\/strong> &#8211; Monika Chojwa (2017)<\/p>\n<h2>Og\u00f3lnopolska Sesja K\u00f3\u0142 Naukowych (Krak\u00f3w)<\/h2>\n<p><strong>wyr\u00f3\u017cnienie<\/strong> &#8211; Olaf Wysocki (2017)<\/p>\n<h2>Students&#8217; Science Conference<\/h2>\n<p><strong>1. miejsce<\/strong> &#8211; Olaf Wysocki (2017)<\/p>\n<h2>Wroc\u0142awski Przegl\u0105d Studenckich Bada\u0144 Geograficznych<\/h2>\n<p><strong>1. miejsce<\/strong> &#8211; Jakub \u0141uczak, Monika Chojwa (2017)<\/p>\n<h2>&#8222;Dolny \u015al\u0105sk na&nbsp;Kompozycji Mapowej&#8221;<\/h2>\n<p><strong>1. miejsce<\/strong> &#8211; Nikola Derdacka (2018)<\/p>\n<p><strong>1. miejsce<\/strong> &#8211; Olaf Wysocki (2017)<\/p>\n<p><span style=\"font-weight: 400;\"><strong>1. miejsce\u00a0<\/strong>&#8211; Aleksandra Bodylska (2020)<\/span><\/p>\n<p><span style=\"font-weight: 400;\"><strong>wyr\u00f3\u017cnienie<\/strong> &#8211; Aleksandra Walkowicz (2021)<\/span><\/p>\n<h2><strong>Inne<\/strong><\/h2>\n<p><span style=\"font-weight: 400;\">Prezentacja pt.&nbsp;\u201cKt\u00f3r\u0119dy na&nbsp;wyk\u0142ad? Nawigacja w&nbsp;budynkach Politechniki Wroc\u0142awskiej\u201d na&nbsp;<strong>Kongresie GIS 2021<\/strong> &#8222;Przestrze\u0144 OdNowa&#8221; na&nbsp;zaproszenie organizatora (ESRI) &#8211; Aleksandra Bodylska, Karol S\u0142upi\u0144ski\u00a0<\/span><\/p>\n","protected":false},"excerpt":{"rendered":"<p>Akademickie Mistrzostwa Polski GIS Challenge &#x1f947;\u00a01. miejsce &#8211; Agata Gattner, Dominika Nowak, Katarzyna Aleksandrowicz (2019) &#x1f948;\u00a02. miejsce &#8211; Gabriela Kuczy\u0144ska, Agata Kapusta, Justyna Lewandowska (2019) 4. miejsce &#8211; Pawe\u0142 Tryba\u0142a, Monika Chojwa, Nikola Derdacka (2019) 5. miejsce &#8211; Agata Gruszczy\u0144ska, Agata Gattner, Aleksandra Jankowska (2018) 8. miejsce &#8211; Izabela Atrachimowicz, Hanna Koz\u0142owska, Natalia Siennicka (2018) <a href=\"https:\/\/knbgis.pwr.edu.pl\/?page_id=1051\"> read more <span class=\"meta-nav\"><\/span><\/a><\/p>\n","protected":false},"author":1,"featured_media":0,"parent":0,"menu_order":0,"comment_status":"closed","ping_status":"closed","template":"","meta":{"footnotes":""},"_links":{"self":[{"href":"https:\/\/knbgis.pwr.edu.pl\/index.php?rest_route=\/wp\/v2\/pages\/1051"}],"collection":[{"href":"https:\/\/knbgis.pwr.edu.pl\/index.php?rest_route=\/wp\/v2\/pages"}],"about":[{"href":"https:\/\/knbgis.pwr.edu.pl\/index.php?rest_route=\/wp\/v2\/types\/page"}],"author":[{"embeddable":true,"href":"https:\/\/knbgis.pwr.edu.pl\/index.php?rest_route=\/wp\/v2\/users\/1"}],"replies":[{"embeddable":true,"href":"https:\/\/knbgis.pwr.edu.pl\/index.php?rest_route=%2Fwp%2Fv2%2Fcomments&post=1051"}],"version-history":[{"count":8,"href":"https:\/\/knbgis.pwr.edu.pl\/index.php?rest_route=\/wp\/v2\/pages\/1051\/revisions"}],"predecessor-version":[{"id":1298,"href":"https:\/\/knbgis.pwr.edu.pl\/index.php?rest_route=\/wp\/v2\/pages\/1051\/revisions\/1298"}],"wp:attachment":[{"href":"https:\/\/knbgis.pwr.edu.pl\/index.php?rest_route=%2Fwp%2Fv2%2Fmedia&parent=1051"}],"curies":[{"name":"wp","href":"https:\/\/api.w.org\/{rel}","templated":true}]}}