{"id":15,"date":"2015-07-05T12:17:46","date_gmt":"2015-07-05T10:17:46","guid":{"rendered":"http:\/\/knbgis.pwr.edu.pl\/?page_id=15"},"modified":"2024-03-02T19:49:34","modified_gmt":"2024-03-02T18:49:34","slug":"zarzad-knb-gis","status":"publish","type":"page","link":"https:\/\/knbgis.pwr.edu.pl\/?page_id=15","title":{"rendered":"Zarz\u0105d KNB GIS"},"content":{"rendered":"<h3>Zarz\u0105d KNB GIS<\/h3>\n<p>Przewodnicz\u0105cy Zarz\u0105du:<strong> Szymon Szczeci\u0144ski<\/strong> &#8211; student II roku studi\u00f3w in\u017cynierskich na&nbsp;kierunku Geodezja i&nbsp;Kartografia<\/p>\n<p>Zast\u0119pca Przewodnicz\u0105cego: <strong>in\u017c.&nbsp;Julianna \u0141uczak<\/strong> &#8211; studentka I&nbsp;roku studi\u00f3w magisterskich na&nbsp;kierunku Geodezja i&nbsp;Kartografia<\/p>\n<p>Sekretarz: <strong>Manuela Gmur<\/strong>\u00a0&#8211; studentka III roku studi\u00f3w\u00a0in\u017cynierskich na&nbsp;kierunku Geodezja i&nbsp;Kartografia<\/p>\n<p>Cz\u0142onkowie Zarz\u0105du:<\/p>\n<p><strong>Alicja Chmiel<\/strong> &#8211; studentka III roku studi\u00f3w in\u017cynierskich na&nbsp;kierunku Geodezja i&nbsp;Kartografia<\/p>\n<p><strong>in\u017c.&nbsp;Katarzyna Reclik<\/strong> &#8211; studentka I&nbsp;roku studi\u00f3w magisterskich na&nbsp;kierunku Geodezja i&nbsp;Kartografia<\/p>\n<p><strong>in\u017c.&nbsp;Jagoda Siekierska<\/strong> &#8211; studentka I&nbsp;roku studi\u00f3w magisterskich na&nbsp;kierunku Geodezja i&nbsp;Kartografia<\/p>\n<h3>Opiekun KNB GIS<\/h3>\n<p><strong>dr&nbsp;hab. in\u017c.&nbsp;Jan Blachowski, prof.&nbsp;Uczelni<\/strong><\/p>\n<h3><strong>Cz\u0142onkowie KNB GIS\u00a0przeszkoleni z&nbsp;zakresu Finansowania Dzia\u0142alno\u015bci Studenckiej:<\/strong><\/h3>\n<p>Szymon Szczeci\u0144ski, Julianna \u0141uczak<\/p>\n<h3>Poprzedni Przewodnicz\u0105cy Zarz\u0105du<\/h3>\n<p><strong>Hubert Czoch<\/strong> (2022-2023)<\/p>\n<p><strong>Aleksandra Walkowicz<\/strong> (2020-2022)<\/p>\n<p><strong>Aleksandra Bodylska<\/strong> (2019-2020)<\/p>\n<p><strong>Monika Chojwa<\/strong> (2017-2019)<\/p>\n<p><strong>Jakub \u0141uczak<\/strong> (2016-2017)<\/p>\n<p><strong>Katarzyna Stec<\/strong> (2014-2016)<\/p>\n<p><strong>Ewelina Puniach<\/strong><\/p>\n<p><strong>Sebastian Ch\u0119ci\u0144ski<\/strong><\/p>\n<p><strong>Ewelina Paw\u0142owicz<\/strong><\/p>\n<p><strong>Piotr Zi\u00f3\u0142kowski<\/strong><\/p>\n","protected":false},"excerpt":{"rendered":"<p>Zarz\u0105d KNB GIS Przewodnicz\u0105cy Zarz\u0105du: Szymon Szczeci\u0144ski &#8211; student II roku studi\u00f3w in\u017cynierskich na&nbsp;kierunku Geodezja i&nbsp;Kartografia Zast\u0119pca Przewodnicz\u0105cego: in\u017c.&nbsp;Julianna \u0141uczak &#8211; studentka I&nbsp;roku studi\u00f3w magisterskich na&nbsp;kierunku Geodezja i&nbsp;Kartografia Sekretarz: Manuela Gmur\u00a0&#8211; studentka III roku studi\u00f3w\u00a0in\u017cynierskich na&nbsp;kierunku Geodezja i&nbsp;Kartografia Cz\u0142onkowie Zarz\u0105du: Alicja Chmiel &#8211; studentka III roku studi\u00f3w in\u017cynierskich na&nbsp;kierunku Geodezja i&nbsp;Kartografia in\u017c.&nbsp;Katarzyna Reclik &#8211; studentka <a href=\"https:\/\/knbgis.pwr.edu.pl\/?page_id=15\"> read more <span class=\"meta-nav\"><\/span><\/a><\/p>\n","protected":false},"author":1,"featured_media":0,"parent":0,"menu_order":1,"comment_status":"closed","ping_status":"open","template":"","meta":{"footnotes":""},"_links":{"self":[{"href":"https:\/\/knbgis.pwr.edu.pl\/index.php?rest_route=\/wp\/v2\/pages\/15"}],"collection":[{"href":"https:\/\/knbgis.pwr.edu.pl\/index.php?rest_route=\/wp\/v2\/pages"}],"about":[{"href":"https:\/\/knbgis.pwr.edu.pl\/index.php?rest_route=\/wp\/v2\/types\/page"}],"author":[{"embeddable":true,"href":"https:\/\/knbgis.pwr.edu.pl\/index.php?rest_route=\/wp\/v2\/users\/1"}],"replies":[{"embeddable":true,"href":"https:\/\/knbgis.pwr.edu.pl\/index.php?rest_route=%2Fwp%2Fv2%2Fcomments&post=15"}],"version-history":[{"count":44,"href":"https:\/\/knbgis.pwr.edu.pl\/index.php?rest_route=\/wp\/v2\/pages\/15\/revisions"}],"predecessor-version":[{"id":1367,"href":"https:\/\/knbgis.pwr.edu.pl\/index.php?rest_route=\/wp\/v2\/pages\/15\/revisions\/1367"}],"wp:attachment":[{"href":"https:\/\/knbgis.pwr.edu.pl\/index.php?rest_route=%2Fwp%2Fv2%2Fmedia&parent=15"}],"curies":[{"name":"wp","href":"https:\/\/api.w.org\/{rel}","templated":true}]}}