{"id":17,"date":"2015-07-05T12:26:06","date_gmt":"2015-07-05T10:26:06","guid":{"rendered":"http:\/\/knbgis.pwr.edu.pl\/?page_id=17"},"modified":"2024-03-02T20:04:12","modified_gmt":"2024-03-02T19:04:12","slug":"kontakt","status":"publish","type":"page","link":"https:\/\/knbgis.pwr.edu.pl\/?page_id=17","title":{"rendered":"Kontakt"},"content":{"rendered":"<h2>Kontakt<\/h2>\n<p><strong>Siedziba:<\/strong> sala 371, bud. Geocentrum (L-1) Politechniki Wroc\u0142awskiej, ul.&nbsp;Na Grobli 15, 50-421 Wroc\u0142aw<\/p>\n<p><strong>Mail<\/strong>: knb.gis.pwr@gmail.com<\/p>\n<p><strong>Prezes<\/strong> <strong>&#8211; Szymon Szczeci\u0144ski<\/strong>:<br \/>\n273692@student.pwr.edu.pl<\/p>\n<p><strong>Opiekun KNB GIS<\/strong> &#8211; <strong>dr&nbsp;in\u017c. Jan Blachowski<\/strong>: jan.blachowski@pwr.edu.pl<\/p>\n<p><img loading=\"lazy\" decoding=\"async\" class=\"wp-image-1354 size-medium aligncenter\" src=\"http:\/\/knbgis.pwr.edu.pl\/wp-content\/uploads\/logo-KNB-GIS-300x300.png\" alt=\"\" width=\"300\" height=\"300\" srcset=\"https:\/\/knbgis.pwr.edu.pl\/wp-content\/uploads\/logo-KNB-GIS-300x300.png 300w, https:\/\/knbgis.pwr.edu.pl\/wp-content\/uploads\/logo-KNB-GIS-150x150.png 150w, https:\/\/knbgis.pwr.edu.pl\/wp-content\/uploads\/logo-KNB-GIS.png 500w\" sizes=\"(max-width: 300px) 100vw, 300px\" \/><\/p>\n<p><strong>Adres<\/strong> <strong>do&nbsp;korespondencji<\/strong>: dr&nbsp;hab. in\u017c.&nbsp;Jan Blachowski, Wydzia\u0142 Geoin\u017cynierii, G\u00f3rnictwa i&nbsp;Geologii<\/p>\n<p>ul.&nbsp;Na Grobli 15, 50-421 Wroc\u0142aw<\/p>\n<p><strong>Facebook:<\/strong> <a href=\"https:\/\/www.facebook.com\/KoloNaukowoBadawczeGis\/\">https:\/\/www.facebook.com\/KoloNaukowoBadawczeGis\/<\/a><\/p>\n<p><strong>Instagram:<\/strong> <a href=\"https:\/\/www.instagram.com\/knbgis\/\">https:\/\/www.instagram.com\/knbgis\/<\/a><\/p>\n<p><strong>LinkedIn: <\/strong><a href=\"https:\/\/www.linkedin.com\/company\/ko%C5%82o-naukowo-badawcze-gis\/\">https:\/\/www.linkedin.com\/company\/ko%C5%82o-naukowo-badawcze-gis\/<\/a><\/p>\n","protected":false},"excerpt":{"rendered":"<p>Kontakt Siedziba: sala 371, bud. Geocentrum (L-1) Politechniki Wroc\u0142awskiej, ul.&nbsp;Na Grobli 15, 50-421 Wroc\u0142aw Mail: knb.gis.pwr@gmail.com Prezes &#8211; Szymon Szczeci\u0144ski: 273692@student.pwr.edu.pl Opiekun KNB GIS &#8211; dr&nbsp;in\u017c. Jan Blachowski: jan.blachowski@pwr.edu.pl Adres do&nbsp;korespondencji: dr&nbsp;hab. in\u017c.&nbsp;Jan Blachowski, Wydzia\u0142 Geoin\u017cynierii, G\u00f3rnictwa i&nbsp;Geologii ul.&nbsp;Na Grobli 15, 50-421 Wroc\u0142aw Facebook: https:\/\/www.facebook.com\/KoloNaukowoBadawczeGis\/ Instagram: https:\/\/www.instagram.com\/knbgis\/ LinkedIn: https:\/\/www.linkedin.com\/company\/ko%C5%82o-naukowo-badawcze-gis\/<\/p>\n","protected":false},"author":1,"featured_media":0,"parent":0,"menu_order":4,"comment_status":"closed","ping_status":"open","template":"","meta":{"footnotes":""},"_links":{"self":[{"href":"https:\/\/knbgis.pwr.edu.pl\/index.php?rest_route=\/wp\/v2\/pages\/17"}],"collection":[{"href":"https:\/\/knbgis.pwr.edu.pl\/index.php?rest_route=\/wp\/v2\/pages"}],"about":[{"href":"https:\/\/knbgis.pwr.edu.pl\/index.php?rest_route=\/wp\/v2\/types\/page"}],"author":[{"embeddable":true,"href":"https:\/\/knbgis.pwr.edu.pl\/index.php?rest_route=\/wp\/v2\/users\/1"}],"replies":[{"embeddable":true,"href":"https:\/\/knbgis.pwr.edu.pl\/index.php?rest_route=%2Fwp%2Fv2%2Fcomments&post=17"}],"version-history":[{"count":13,"href":"https:\/\/knbgis.pwr.edu.pl\/index.php?rest_route=\/wp\/v2\/pages\/17\/revisions"}],"predecessor-version":[{"id":1371,"href":"https:\/\/knbgis.pwr.edu.pl\/index.php?rest_route=\/wp\/v2\/pages\/17\/revisions\/1371"}],"wp:attachment":[{"href":"https:\/\/knbgis.pwr.edu.pl\/index.php?rest_route=%2Fwp%2Fv2%2Fmedia&parent=17"}],"curies":[{"name":"wp","href":"https:\/\/api.w.org\/{rel}","templated":true}]}}