{"id":2,"date":"2015-07-04T16:57:35","date_gmt":"2015-07-04T14:57:35","guid":{"rendered":"http:\/\/knbgis.pwr.edu.pl\/?page_id=2"},"modified":"2017-07-04T20:43:47","modified_gmt":"2017-07-04T18:43:47","slug":"o-knb-gis","status":"publish","type":"page","link":"https:\/\/knbgis.pwr.edu.pl\/?page_id=2","title":{"rendered":"O&nbsp;KNB GIS"},"content":{"rendered":"<p style=\"text-align: justify;\"><strong>Ko\u0142o Naukowo-Badawcze GIS<\/strong> dzia\u0142aj\u0105ce na\u00a0Wydziale Geoin\u017cynierii, G\u00f3rnictwa i\u00a0Geologii Politechniki Wroc\u0142awskiej to\u00a0grupa zrzeszaj\u0105ca aktywnych, m\u0142odych ludzi zainteresowanych tematyk\u0105 zwi\u0105zan\u0105 z\u00a0systemami informacji przestrzennej.<\/p>\n<p style=\"text-align: justify;\"><img loading=\"lazy\" decoding=\"async\" class=\"aligncenter size-full wp-image-29\" src=\"http:\/\/knbgis.pwr.edu.pl\/wp-content\/uploads\/logo-kbn-gis.jpg\" alt=\"logo-kbn-gis\" width=\"291\" height=\"181\" \/><\/p>\n<p style=\"text-align: justify;\">KNB GIS powsta\u0142o 6 grudnia 2001 roku, a\u00a0jego pierwszym opiekunem by\u0142 dr\u00a0in\u017c. J\u00f3zef Wo\u017aniak. Przez lata organizacja zrzesza\u0142a przede wszystkim student\u00f3w kierunk\u00f3w g\u00f3rnictwo i\u00a0geologia oraz\u00a0gospodarka przestrzenna. Od\u00a02003 roku Ko\u0142o jest organizatorem Mi\u0119dzynarodowego Dnia GIS na\u00a0Politechnice Wroc\u0142awskiej, a\u00a0tak\u017ce studenckich Rajd\u00f3w GeoMajowych.<\/p>\n<p style=\"text-align: justify;\">Wa\u017cnym wydarzeniem dla dzia\u0142alno\u015bci KNB GIS by\u0142o utworzenie w\u00a02011 roku nowego kierunku nauczania na\u00a0WGGG \u2013 Geodezji i\u00a0Kartografii. Nowi studenci, pod\u00a0okiem nowego opiekuna dra in\u017c.\u00a0Jana Blachowskiego, z\u00a0now\u0105 si\u0142\u0105 przyst\u0105pili do\u00a0dzia\u0142a\u0144 nie tylko na\u00a0p\u0142aszczy\u017anie organizacyjnej, ale\u00a0i\u00a0wzmo\u017conej aktywno\u015bci naukowej, realizuj\u0105c szereg projekt\u00f3w naukowych i\u00a0badawczych.<\/p>\n<p><img loading=\"lazy\" decoding=\"async\" class=\"size-full wp-image-792\" src=\"http:\/\/knbgis.pwr.edu.pl\/wp-content\/uploads\/knbgis.jpg\" alt=\"\" width=\"800\" height=\"600\" srcset=\"https:\/\/knbgis.pwr.edu.pl\/wp-content\/uploads\/knbgis.jpg 800w, https:\/\/knbgis.pwr.edu.pl\/wp-content\/uploads\/knbgis-300x225.jpg 300w, https:\/\/knbgis.pwr.edu.pl\/wp-content\/uploads\/knbgis-768x576.jpg 768w\" sizes=\"(max-width: 800px) 100vw, 800px\" \/><\/p>\n","protected":false},"excerpt":{"rendered":"<p>Ko\u0142o Naukowo-Badawcze GIS dzia\u0142aj\u0105ce na\u00a0Wydziale Geoin\u017cynierii, G\u00f3rnictwa i\u00a0Geologii Politechniki Wroc\u0142awskiej to\u00a0grupa zrzeszaj\u0105ca aktywnych, m\u0142odych ludzi zainteresowanych tematyk\u0105 zwi\u0105zan\u0105 z\u00a0systemami informacji przestrzennej. KNB GIS powsta\u0142o 6 grudnia 2001 roku, a\u00a0jego pierwszym opiekunem by\u0142 dr\u00a0in\u017c. J\u00f3zef Wo\u017aniak. Przez lata organizacja zrzesza\u0142a przede wszystkim student\u00f3w kierunk\u00f3w g\u00f3rnictwo i\u00a0geologia oraz\u00a0gospodarka przestrzenna. Od\u00a02003 roku Ko\u0142o jest organizatorem Mi\u0119dzynarodowego Dnia GIS <a href=\"https:\/\/knbgis.pwr.edu.pl\/?page_id=2\"> read more <span class=\"meta-nav\"><\/span><\/a><\/p>\n","protected":false},"author":1,"featured_media":0,"parent":0,"menu_order":0,"comment_status":"closed","ping_status":"open","template":"","meta":{"footnotes":""},"_links":{"self":[{"href":"https:\/\/knbgis.pwr.edu.pl\/index.php?rest_route=\/wp\/v2\/pages\/2"}],"collection":[{"href":"https:\/\/knbgis.pwr.edu.pl\/index.php?rest_route=\/wp\/v2\/pages"}],"about":[{"href":"https:\/\/knbgis.pwr.edu.pl\/index.php?rest_route=\/wp\/v2\/types\/page"}],"author":[{"embeddable":true,"href":"https:\/\/knbgis.pwr.edu.pl\/index.php?rest_route=\/wp\/v2\/users\/1"}],"replies":[{"embeddable":true,"href":"https:\/\/knbgis.pwr.edu.pl\/index.php?rest_route=%2Fwp%2Fv2%2Fcomments&post=2"}],"version-history":[{"count":3,"href":"https:\/\/knbgis.pwr.edu.pl\/index.php?rest_route=\/wp\/v2\/pages\/2\/revisions"}],"predecessor-version":[{"id":793,"href":"https:\/\/knbgis.pwr.edu.pl\/index.php?rest_route=\/wp\/v2\/pages\/2\/revisions\/793"}],"wp:attachment":[{"href":"https:\/\/knbgis.pwr.edu.pl\/index.php?rest_route=%2Fwp%2Fv2%2Fmedia&parent=2"}],"curies":[{"name":"wp","href":"https:\/\/api.w.org\/{rel}","templated":true}]}}